{"id":11,"date":"2025-10-12T15:41:11","date_gmt":"2025-10-12T13:41:11","guid":{"rendered":"https:\/\/apisix.pl\/?page_id=11"},"modified":"2025-10-12T15:41:11","modified_gmt":"2025-10-12T13:41:11","slug":"kontakt","status":"publish","type":"page","link":"https:\/\/apisix.pl\/?page_id=11","title":{"rendered":"Kontakt"},"content":{"rendered":"\n<p>Strona z podstawowymi informacjami kontaktowymi, takimi jak adres, numer telefonu. Mo\u017cna tak\u017ce spr\u00f3bowa\u0107 wtyczki, za pomoc\u0105 kt\u00f3rej dodamy formularz kontaktowy.<\/p>\n","protected":false},"excerpt":{"rendered":"<p>Strona z podstawowymi informacjami kontaktowymi, takimi jak adres, numer telefonu. Mo\u017cna tak\u017ce spr\u00f3bowa\u0107 wtyczki, za pomoc\u0105 kt\u00f3rej dodamy formularz kontaktowy.<\/p>\n","protected":false},"author":1,"featured_media":6,"parent":0,"menu_order":0,"comment_status":"closed","ping_status":"closed","template":"","meta":{"footnotes":""},"class_list":["post-11","page","type-page","status-publish","has-post-thumbnail","hentry"],"_links":{"self":[{"href":"https:\/\/apisix.pl\/index.php?rest_route=\/wp\/v2\/pages\/11","targetHints":{"allow":["GET"]}}],"collection":[{"href":"https:\/\/apisix.pl\/index.php?rest_route=\/wp\/v2\/pages"}],"about":[{"href":"https:\/\/apisix.pl\/index.php?rest_route=\/wp\/v2\/types\/page"}],"author":[{"embeddable":true,"href":"https:\/\/apisix.pl\/index.php?rest_route=\/wp\/v2\/users\/1"}],"replies":[{"embeddable":true,"href":"https:\/\/apisix.pl\/index.php?rest_route=%2Fwp%2Fv2%2Fcomments&post=11"}],"version-history":[{"count":1,"href":"https:\/\/apisix.pl\/index.php?rest_route=\/wp\/v2\/pages\/11\/revisions"}],"predecessor-version":[{"id":17,"href":"https:\/\/apisix.pl\/index.php?rest_route=\/wp\/v2\/pages\/11\/revisions\/17"}],"wp:featuredmedia":[{"embeddable":true,"href":"https:\/\/apisix.pl\/index.php?rest_route=\/wp\/v2\/media\/6"}],"wp:attachment":[{"href":"https:\/\/apisix.pl\/index.php?rest_route=%2Fwp%2Fv2%2Fmedia&parent=11"}],"curies":[{"name":"wp","href":"https:\/\/api.w.org\/{rel}","templated":true}]}}