{"id":9,"date":"2025-10-12T15:41:11","date_gmt":"2025-10-12T13:41:11","guid":{"rendered":"https:\/\/apisix.pl\/?page_id=9"},"modified":"2025-10-12T15:45:54","modified_gmt":"2025-10-12T13:45:54","slug":"strona-glowna","status":"publish","type":"page","link":"https:\/\/apisix.pl\/","title":{"rendered":"Strona g\u0142\u00f3wna"},"content":{"rendered":"\n<p>Witaj, ju\u017c za chwil\u0119 , ju\u017c za momencik  biznes zacznie si\u0119 kr\u0119ci\u0107.<\/p>\n","protected":false},"excerpt":{"rendered":"<p>Witaj, ju\u017c za chwil\u0119 , ju\u017c za momencik biznes zacznie si\u0119 kr\u0119ci\u0107.<\/p>\n","protected":false},"author":1,"featured_media":0,"parent":0,"menu_order":0,"comment_status":"closed","ping_status":"closed","template":"","meta":{"footnotes":""},"class_list":["post-9","page","type-page","status-publish","hentry"],"_links":{"self":[{"href":"https:\/\/apisix.pl\/index.php?rest_route=\/wp\/v2\/pages\/9","targetHints":{"allow":["GET"]}}],"collection":[{"href":"https:\/\/apisix.pl\/index.php?rest_route=\/wp\/v2\/pages"}],"about":[{"href":"https:\/\/apisix.pl\/index.php?rest_route=\/wp\/v2\/types\/page"}],"author":[{"embeddable":true,"href":"https:\/\/apisix.pl\/index.php?rest_route=\/wp\/v2\/users\/1"}],"replies":[{"embeddable":true,"href":"https:\/\/apisix.pl\/index.php?rest_route=%2Fwp%2Fv2%2Fcomments&post=9"}],"version-history":[{"count":2,"href":"https:\/\/apisix.pl\/index.php?rest_route=\/wp\/v2\/pages\/9\/revisions"}],"predecessor-version":[{"id":32,"href":"https:\/\/apisix.pl\/index.php?rest_route=\/wp\/v2\/pages\/9\/revisions\/32"}],"wp:attachment":[{"href":"https:\/\/apisix.pl\/index.php?rest_route=%2Fwp%2Fv2%2Fmedia&parent=9"}],"curies":[{"name":"wp","href":"https:\/\/api.w.org\/{rel}","templated":true}]}}